{"id":648,"date":"2010-07-01T11:29:26","date_gmt":"2010-07-01T04:29:26","guid":{"rendered":"https:\/\/photofairbangkok.com\/?page_id=648"},"modified":"2024-11-15T12:28:49","modified_gmt":"2024-11-15T05:28:49","slug":"%e0%b8%95%e0%b8%b4%e0%b8%94%e0%b8%95%e0%b9%88%e0%b8%ad%e0%b8%aa%e0%b8%a1%e0%b8%b2%e0%b8%84%e0%b8%a1","status":"publish","type":"page","link":"https:\/\/photofairbangkok.com\/wp\/?page_id=648","title":{"rendered":"\u0e15\u0e34\u0e14\u0e15\u0e48\u0e2d\u0e2a\u0e21\u0e32\u0e04\u0e21"},"content":{"rendered":"<p>\u0e17\u0e35\u0e48\u0e2d\u0e22\u0e39\u0e48 : 73\/9-10 \u0e16\u0e19\u0e19\u0e01\u0e32\u0e0d\u0e08\u0e19\u0e32\u0e20\u0e34\u0e40\u0e29\u0e01 \u0e41\u0e02\u0e27\u0e07\u0e2b\u0e25\u0e31\u0e01\u0e2a\u0e2d\u0e07 \u0e40\u0e02\u0e15\u0e1a\u0e32\u0e07\u0e41\u0e04 \u0e01\u0e23\u0e38\u0e07\u0e40\u0e17\u0e1e\u0e21\u0e2b\u0e32\u0e19\u0e04\u0e23 10160<br \/>\n73\/9-10\u00a0 Kanjanapisaek Road., Laksong, Bangkok 10160<\/p>\n<p>\u0e42\u0e17\u0e23\u0e28\u0e31\u0e1e\u0e17\u0e4c \/ Tel . (+66) 0 2803 7570-1<br \/>\n\u0e42\u0e17\u0e23\u0e2a\u0e32\u0e23 \/ Fax . (+66) 0 2803 7572<\/p>\n<p>Line OA :\u00a0 @pba-thai<\/p>\n<p>&nbsp;<\/p>\n<p><a href=\"https:\/\/photofairbangkok.com\/wp\/wp-content\/uploads\/542561.jpg\"><img loading=\"lazy\" decoding=\"async\" class=\"alignnone wp-image-8449 size-thumbnail\" src=\"https:\/\/photofairbangkok.com\/wp\/wp-content\/uploads\/542561-150x150.jpg\" alt=\"54256\" width=\"150\" height=\"150\" \/><\/a><\/p>\n<p>E-mail : \u00a0<span style=\"color: #555555;\">photo.business.thai@gmail.com<\/span><br \/>\nwww.facebook.com\/PhotoFairThailand<\/p>\n<p><a href=\"https:\/\/photofairbangkok.com\/wp-content\/uploads\/\u0e1b\u0e01\u0e2b\u0e19\u0e49\u0e32\u0e43\u0e19-\u0e1b\u0e01\u0e2b\u0e25\u0e31\u0e07\u0e43\u0e19.jpg\"><img loading=\"lazy\" decoding=\"async\" class=\"alignnone size-full wp-image-6441\" src=\"https:\/\/photofairbangkok.com\/wp-content\/uploads\/\u0e1b\u0e01\u0e2b\u0e19\u0e49\u0e32\u0e43\u0e19-\u0e1b\u0e01\u0e2b\u0e25\u0e31\u0e07\u0e43\u0e19.jpg\" alt=\"\u00bb\u00a1\u00cb\u00b9\u00e9\u00d2- \u00bb\u00a1\u00cb\u00c5\u00d1\u00a7 \u00e1\u00c5\u00d0\u00cb\u00b9\u00e9\u00d2\u00e3\u00b9\" width=\"323\" height=\"518\" srcset=\"https:\/\/photofairbangkok.com\/wp\/wp-content\/uploads\/\u0e1b\u0e01\u0e2b\u0e19\u0e49\u0e32\u0e43\u0e19-\u0e1b\u0e01\u0e2b\u0e25\u0e31\u0e07\u0e43\u0e19.jpg 323w, https:\/\/photofairbangkok.com\/wp\/wp-content\/uploads\/\u0e1b\u0e01\u0e2b\u0e19\u0e49\u0e32\u0e43\u0e19-\u0e1b\u0e01\u0e2b\u0e25\u0e31\u0e07\u0e43\u0e19-155x250.jpg 155w, https:\/\/photofairbangkok.com\/wp\/wp-content\/uploads\/\u0e1b\u0e01\u0e2b\u0e19\u0e49\u0e32\u0e43\u0e19-\u0e1b\u0e01\u0e2b\u0e25\u0e31\u0e07\u0e43\u0e19-187x300.jpg 187w\" sizes=\"auto, (max-width: 323px) 100vw, 323px\" \/><\/a><\/p>\n<p><small>View <a style=\"color: #0000ff; text-align: left;\" href=\"http:\/\/maps.google.com\/maps\/ms?ie=UTF8&amp;hl=en&amp;msa=0&amp;msid=118136831576030519016.00046f73d3d0d8784d7e5&amp;ll=13.691851,100.407062&amp;spn=0.005003,0.006866&amp;z=17&amp;source=embed\">\u0e2a\u0e21\u0e32\u0e04\u0e21\u0e18\u0e38\u0e23\u0e01\u0e34\u0e08\u0e01\u0e32\u0e23\u0e16\u0e48\u0e32\u0e22\u0e20\u0e32\u0e1e<\/a> in a larger map<\/small><\/p>\n","protected":false},"excerpt":{"rendered":"<p>\u0e17\u0e35\u0e48\u0e2d\u0e22\u0e39\u0e48 : 73\/9-10 \u0e16\u0e19\u0e19\u0e01\u0e32\u0e0d\u0e08\u0e19\u0e32\u0e20\u0e34\u0e40\u0e29\u0e01 \u0e41\u0e02\u0e27\u0e07\u0e2b\u0e25\u0e31\u0e01\u0e2a\u0e2d\u0e07 \u0e40\u0e02\u0e15\u0e1a\u0e32\u0e07\u0e41\u0e04 \u0e01\u0e23\u0e38\u0e07\u0e40\u0e17\u0e1e\u0e21\u0e2b\u0e32\u0e19\u0e04\u0e23 10160 73\/9-10\u00a0 Kanjanapisaek Road., Laksong, Bangkok 10160 \u0e42\u0e17\u0e23\u0e28\u0e31\u0e1e\u0e17\u0e4c \/ Tel . (+66) 0 2803 7570-1 \u0e42\u0e17\u0e23\u0e2a\u0e32\u0e23 \/ Fax<\/p>\n","protected":false},"author":1,"featured_media":0,"parent":0,"menu_order":3,"comment_status":"closed","ping_status":"open","template":"","meta":{"footnotes":""},"class_list":["post-648","page","type-page","status-publish","hentry"],"_links":{"self":[{"href":"https:\/\/photofairbangkok.com\/wp\/index.php?rest_route=\/wp\/v2\/pages\/648","targetHints":{"allow":["GET"]}}],"collection":[{"href":"https:\/\/photofairbangkok.com\/wp\/index.php?rest_route=\/wp\/v2\/pages"}],"about":[{"href":"https:\/\/photofairbangkok.com\/wp\/index.php?rest_route=\/wp\/v2\/types\/page"}],"author":[{"embeddable":true,"href":"https:\/\/photofairbangkok.com\/wp\/index.php?rest_route=\/wp\/v2\/users\/1"}],"replies":[{"embeddable":true,"href":"https:\/\/photofairbangkok.com\/wp\/index.php?rest_route=%2Fwp%2Fv2%2Fcomments&post=648"}],"version-history":[{"count":18,"href":"https:\/\/photofairbangkok.com\/wp\/index.php?rest_route=\/wp\/v2\/pages\/648\/revisions"}],"predecessor-version":[{"id":8456,"href":"https:\/\/photofairbangkok.com\/wp\/index.php?rest_route=\/wp\/v2\/pages\/648\/revisions\/8456"}],"wp:attachment":[{"href":"https:\/\/photofairbangkok.com\/wp\/index.php?rest_route=%2Fwp%2Fv2%2Fmedia&parent=648"}],"curies":[{"name":"wp","href":"https:\/\/api.w.org\/{rel}","templated":true}]}}